{"id":29258,"date":"2020-06-30T13:21:48","date_gmt":"2020-06-30T11:21:48","guid":{"rendered":"http:\/\/taskwm.com\/?page_id=29258"},"modified":"2020-11-24T11:21:28","modified_gmt":"2020-11-24T10:21:28","slug":"quem_somos","status":"publish","type":"page","link":"https:\/\/taskwm.com\/es\/quem_somos\/","title":{"rendered":"Qui\u00e9nes somos"},"content":{"rendered":"<div data-elementor-type=\"wp-page\" data-elementor-id=\"29258\" class=\"elementor elementor-29258\">\n\t\t\t\t\t\t<div class=\"elementor-inner\">\n\t\t\t\t<div class=\"elementor-section-wrap\">\n\t\t\t\t\t\t\t\t\t<section class=\"elementor-section elementor-top-section elementor-element elementor-element-ea7688c elementor-section-full_width elementor-section-height-default elementor-section-height-default qodef-elementor-content-no\" data-id=\"ea7688c\" data-element_type=\"section\">\n\t\t\t\t\t\t<div class=\"elementor-container elementor-column-gap-default\">\n\t\t\t\t\t\t\t<div class=\"elementor-row\">\n\t\t\t\t\t<div class=\"elementor-column elementor-col-100 elementor-top-column elementor-element elementor-element-ae00dfb\" data-id=\"ae00dfb\" data-element_type=\"column\">\n\t\t\t<div class=\"elementor-column-wrap elementor-element-populated\">\n\t\t\t\t\t\t\t<div class=\"elementor-widget-wrap\">\n\t\t\t\t\t\t<div class=\"elementor-element elementor-element-dc3598d elementor-widget elementor-widget-slider_revolution\" data-id=\"dc3598d\" data-element_type=\"widget\" data-widget_type=\"slider_revolution.default\">\n\t\t\t\t<div class=\"elementor-widget-container\">\n\t\t\t\r\n\t\t<div class=\"wp-block-themepunch-revslider\">\n\t\t\t<!-- START Quem Somos REVOLUTION SLIDER 6.2.12 --><p class=\"rs-p-wp-fix\"><\/p>\n\t\t\t<rs-module-wrap id=\"rev_slider_12_1_wrapper\" data-source=\"gallery\" style=\"background:transparent;padding:0;margin:0px auto;margin-top:0;margin-bottom:0;\">\n\t\t\t\t<rs-module id=\"rev_slider_12_1\" style=\"\" data-version=\"6.2.12\">\n\t\t\t\t\t<rs-slides>\n\t\t\t\t\t\t<rs-slide data-key=\"rs-36\" data-title=\"Slide\" data-anim=\"ei:d;eo:d;s:1000;r:0;t:fade;sl:0;\">\n\t\t\t\t\t\t\t<img decoding=\"async\" loading=\"lazy\" src=\"\/\/taskwm.com\/wp-content\/uploads\/2020\/09\/banner_quem.png\" title=\"banner_quem\" width=\"1920\" height=\"550\" class=\"rev-slidebg\" data-no-retina>\n<!---->\t\t\t\t\t\t<\/rs-slide>\n\t\t\t\t\t<\/rs-slides>\n\t\t\t\t<\/rs-module>\n\t\t\t\t<script type=\"text\/javascript\">\n\t\t\t\t\tsetREVStartSize({c: 'rev_slider_12_1',rl:[1240,1024,778,480],el:[350,768,960,720],gw:[1300,1100,778,480],gh:[350,350,350,350],type:'standard',justify:'',layout:'fullwidth',mh:\"0\"});\n\t\t\t\t\tvar\trevapi12,\n\t\t\t\t\t\ttpj;\n\t\t\t\t\tjQuery(function() {\n\t\t\t\t\t\ttpj = jQuery;\n\t\t\t\t\t\trevapi12 = tpj(\"#rev_slider_12_1\")\n\t\t\t\t\t\tif(revapi12==undefined || revapi12.revolution == undefined){\n\t\t\t\t\t\t\trevslider_showDoubleJqueryError(\"rev_slider_12_1\");\n\t\t\t\t\t\t}else{\n\t\t\t\t\t\t\trevapi12.revolution({\n\t\t\t\t\t\t\t\tsliderLayout:\"fullwidth\",\n\t\t\t\t\t\t\t\tduration:\"2000ms\",\n\t\t\t\t\t\t\t\tvisibilityLevels:\"1240,1024,778,480\",\n\t\t\t\t\t\t\t\tgridwidth:\"1300,1100,778,480\",\n\t\t\t\t\t\t\t\tgridheight:\"350,350,350,350\",\n\t\t\t\t\t\t\t\tperspective:600,\n\t\t\t\t\t\t\t\tperspectiveType:\"local\",\n\t\t\t\t\t\t\t\teditorheight:\"350,768,960,720\",\n\t\t\t\t\t\t\t\tresponsiveLevels:\"1240,1024,778,480\",\n\t\t\t\t\t\t\t\tprogressBar:{disableProgressBar:true},\n\t\t\t\t\t\t\t\tnavigation: {\n\t\t\t\t\t\t\t\t\tonHoverStop:false\n\t\t\t\t\t\t\t\t},\n\t\t\t\t\t\t\t\tfallbacks: {\n\t\t\t\t\t\t\t\t\tallowHTML5AutoPlayOnAndroid:true\n\t\t\t\t\t\t\t\t},\n\t\t\t\t\t\t\t});\n\t\t\t\t\t\t}\n\t\t\t\t\t\t\n\t\t\t\t\t});\n\t\t\t\t<\/script>\n\t\t\t<\/rs-module-wrap>\n\t\t\t<!-- END REVOLUTION SLIDER -->\n<\/div>\r\n\r\n\t\t\t\t<\/div>\n\t\t\t\t<\/div>\n\t\t\t\t\t\t<\/div>\n\t\t\t\t\t<\/div>\n\t\t<\/div>\n\t\t\t\t\t\t\t\t<\/div>\n\t\t\t\t\t<\/div>\n\t\t<\/section>\n\t\t\t\t<section class=\"elementor-section elementor-top-section elementor-element elementor-element-47e6c6d qodef-elementor-content-grid elementor-section-boxed elementor-section-height-default elementor-section-height-default\" data-id=\"47e6c6d\" data-element_type=\"section\" data-settings=\"{&quot;background_background&quot;:&quot;classic&quot;}\">\n\t\t\t\t\t\t<div class=\"elementor-container elementor-column-gap-default\">\n\t\t\t\t\t\t\t<div class=\"elementor-row\">\n\t\t\t\t\t<div class=\"elementor-column elementor-col-50 elementor-top-column elementor-element elementor-element-f308281\" data-id=\"f308281\" data-element_type=\"column\">\n\t\t\t<div class=\"elementor-column-wrap elementor-element-populated\">\n\t\t\t\t\t\t\t<div class=\"elementor-widget-wrap\">\n\t\t\t\t\t\t<div class=\"elementor-element elementor-element-47fd69e elementor-widget elementor-widget-stal_core_section_title\" data-id=\"47fd69e\" data-element_type=\"widget\" data-widget_type=\"stal_core_section_title.default\">\n\t\t\t\t<div class=\"elementor-widget-container\">\n\t\t\t<div class=\"qodef-shortcode qodef-m  qodef-section-title qodef-alignment--left\">\n\t\t<div class=\"qodef-m-title-wrap\">\n\t\t<h3 class=\"qodef-m-title\" >\n\t\t\t\t\tQui\u00e9nes somos\t\t\t<\/h3>\n\t\n\t<\/div>\n\t<\/div>\t\t<\/div>\n\t\t\t\t<\/div>\n\t\t\t\t<div class=\"elementor-element elementor-element-a046a42 elementor-widget elementor-widget-text-editor\" data-id=\"a046a42\" data-element_type=\"widget\" data-widget_type=\"text-editor.default\">\n\t\t\t\t<div class=\"elementor-widget-container\">\n\t\t\t\t\t\t\t\t<div class=\"elementor-text-editor elementor-clearfix\">\n\t\t\t\t<p>Su confianza es nuestro bien m\u00e1s preciado. Honrarla es lo que nos orienta en todas las etapas de nuestro proceso.<\/p><p>Nuestra oferta se basa en cuatro pilares fundamentales: confianza, servicio, experiencia e innovaci\u00f3n.<\/p><p>Nuestro proceso de inversi\u00f3n se centra en un equilibrio entre la b\u00fasqueda de la conservaci\u00f3n del capital y la oferta de un crecimiento de activos a medio y largo plazo.<\/p><p>Para ello, TASK WM lleva a cabo una evaluaci\u00f3n completa de la situaci\u00f3n financiera de cada cliente, que destaca por sus ofertas normalizadas cada vez m\u00e1s demandadas en la gesti\u00f3n de patrimonio.<\/p><p>Como servicio adicional, TASK ofrece una supervisi\u00f3n exhaustiva de las cuentas bancarias de sus clientes con informes peri\u00f3dicos consolidados.<\/p>\t\t\t\t\t<\/div>\n\t\t\t\t\t\t<\/div>\n\t\t\t\t<\/div>\n\t\t\t\t\t\t<\/div>\n\t\t\t\t\t<\/div>\n\t\t<\/div>\n\t\t\t\t<div class=\"elementor-column elementor-col-50 elementor-top-column elementor-element elementor-element-85efc6c\" data-id=\"85efc6c\" data-element_type=\"column\">\n\t\t\t<div class=\"elementor-column-wrap elementor-element-populated\">\n\t\t\t\t\t\t\t<div class=\"elementor-widget-wrap\">\n\t\t\t\t\t\t<div class=\"elementor-element elementor-element-e33a098 elementor-widget elementor-widget-image\" data-id=\"e33a098\" data-element_type=\"widget\" data-widget_type=\"image.default\">\n\t\t\t\t<div class=\"elementor-widget-container\">\n\t\t\t\t\t\t\t\t<div class=\"elementor-image\">\n\t\t\t\t\t\t\t\t\t\t\t\t<img decoding=\"async\" width=\"300\" height=\"300\" src=\"https:\/\/taskwm.com\/wp-content\/uploads\/2020\/02\/logo2-300x300.png\" class=\"attachment-medium size-medium wp-image-29192\" alt=\"\" loading=\"lazy\" srcset=\"https:\/\/taskwm.com\/wp-content\/uploads\/2020\/02\/logo2-300x300.png 300w, https:\/\/taskwm.com\/wp-content\/uploads\/2020\/02\/logo2-150x150.png 150w, https:\/\/taskwm.com\/wp-content\/uploads\/2020\/02\/logo2-82x82.png 82w, https:\/\/taskwm.com\/wp-content\/uploads\/2020\/02\/logo2.png 600w\" sizes=\"(max-width: 300px) 100vw, 300px\" \/>\t\t\t\t\t\t\t\t\t\t\t\t\t\t<\/div>\n\t\t\t\t\t\t<\/div>\n\t\t\t\t<\/div>\n\t\t\t\t\t\t<\/div>\n\t\t\t\t\t<\/div>\n\t\t<\/div>\n\t\t\t\t\t\t\t\t<\/div>\n\t\t\t\t\t<\/div>\n\t\t<\/section>\n\t\t\t\t<section class=\"elementor-section elementor-top-section elementor-element elementor-element-8cf3ccf qodef-elementor-content-grid elementor-section-boxed elementor-section-height-default elementor-section-height-default\" data-id=\"8cf3ccf\" data-element_type=\"section\">\n\t\t\t\t\t\t<div class=\"elementor-container elementor-column-gap-default\">\n\t\t\t\t\t\t\t<div class=\"elementor-row\">\n\t\t\t\t\t<div class=\"elementor-column elementor-col-33 elementor-top-column elementor-element elementor-element-414adc0\" data-id=\"414adc0\" data-element_type=\"column\">\n\t\t\t<div class=\"elementor-column-wrap elementor-element-populated\">\n\t\t\t\t\t\t\t<div class=\"elementor-widget-wrap\">\n\t\t\t\t\t\t<div class=\"elementor-element elementor-element-7c5f1ce elementor-widget elementor-widget-stal_core_icon_with_text\" data-id=\"7c5f1ce\" data-element_type=\"widget\" data-widget_type=\"stal_core_icon_with_text.default\">\n\t\t\t\t<div class=\"elementor-widget-container\">\n\t\t\t<div class=\"qodef-shortcode qodef-m  qodef-icon-with-text qodef-layout--before-content  qodef--svg-image qodef-appear-animation--enabled\" >\n\t<div class=\"qodef-m-icon-wrapper\">\n\t\t\t<\/div>\n\t<div class=\"qodef-m-content\">\n\t\t\t<h4 class=\"qodef-m-title\" >\n\t\t\t\t\t<span class=\"qodef-m-title-text\">Una sociedad de gesti\u00f3n de patrimonios<\/span>\n\t\t\t<\/h4>\n\t\t\t<\/div>\n<\/div>\t\t<\/div>\n\t\t\t\t<\/div>\n\t\t\t\t\t\t<\/div>\n\t\t\t\t\t<\/div>\n\t\t<\/div>\n\t\t\t\t<div class=\"elementor-column elementor-col-33 elementor-top-column elementor-element elementor-element-3402ab3\" data-id=\"3402ab3\" data-element_type=\"column\">\n\t\t\t<div class=\"elementor-column-wrap elementor-element-populated\">\n\t\t\t\t\t\t\t<div class=\"elementor-widget-wrap\">\n\t\t\t\t\t\t<div class=\"elementor-element elementor-element-da7cd06 elementor-widget elementor-widget-stal_core_icon_with_text\" data-id=\"da7cd06\" data-element_type=\"widget\" data-widget_type=\"stal_core_icon_with_text.default\">\n\t\t\t\t<div class=\"elementor-widget-container\">\n\t\t\t<div class=\"qodef-shortcode qodef-m  qodef-icon-with-text qodef-layout--before-content  qodef--svg-image qodef-appear-animation--enabled\" >\n\t<div class=\"qodef-m-icon-wrapper\">\n\t\t\t<\/div>\n\t<div class=\"qodef-m-content\">\n\t\t\t<h4 class=\"qodef-m-title\" >\n\t\t\t\t\t<span class=\"qodef-m-title-text\">8 socios<\/span>\n\t\t\t<\/h4>\n\t\t\t<\/div>\n<\/div>\t\t<\/div>\n\t\t\t\t<\/div>\n\t\t\t\t\t\t<\/div>\n\t\t\t\t\t<\/div>\n\t\t<\/div>\n\t\t\t\t<div class=\"elementor-column elementor-col-33 elementor-top-column elementor-element elementor-element-cc20c2d\" data-id=\"cc20c2d\" data-element_type=\"column\">\n\t\t\t<div class=\"elementor-column-wrap elementor-element-populated\">\n\t\t\t\t\t\t\t<div class=\"elementor-widget-wrap\">\n\t\t\t\t\t\t<div class=\"elementor-element elementor-element-379de6d elementor-widget elementor-widget-stal_core_icon_with_text\" data-id=\"379de6d\" data-element_type=\"widget\" data-widget_type=\"stal_core_icon_with_text.default\">\n\t\t\t\t<div class=\"elementor-widget-container\">\n\t\t\t<div class=\"qodef-shortcode qodef-m  qodef-icon-with-text qodef-layout--before-content  qodef--svg-image qodef-appear-animation--enabled\" >\n\t<div class=\"qodef-m-icon-wrapper\">\n\t\t\t<\/div>\n\t<div class=\"qodef-m-content\">\n\t\t\t<h4 class=\"qodef-m-title\" >\n\t\t\t\t\t<span class=\"qodef-m-title-text\">M\u00e1s de 20 a\u00f1os de experiencia en Wealth Management<\/span>\n\t\t\t<\/h4>\n\t\t\t<\/div>\n<\/div>\t\t<\/div>\n\t\t\t\t<\/div>\n\t\t\t\t\t\t<\/div>\n\t\t\t\t\t<\/div>\n\t\t<\/div>\n\t\t\t\t\t\t\t\t<\/div>\n\t\t\t\t\t<\/div>\n\t\t<\/section>\n\t\t\t\t\t\t\t\t\t<\/div>\n\t\t\t<\/div>\n\t\t\t\t\t<\/div>","protected":false},"excerpt":{"rendered":"<p>Quem Somos A sua confian\u00e7a \u00e9 nosso bem mais precioso. Honrar isso \u00e9 o que nos orienta em todas as etapas do nosso processo. A nossa oferta assenta em 4 pilares fundamentais que s\u00e3o: confian\u00e7a, servi\u00e7o, know-how e inova\u00e7\u00e3o. O nosso processo de investimento concentra-se num equil\u00edbrio entre a procura pela preserva\u00e7\u00e3o do capital e [&hellip;]<\/p>","protected":false},"author":1,"featured_media":0,"parent":0,"menu_order":0,"comment_status":"closed","ping_status":"closed","template":"page-full-width.php","meta":{"inline_featured_image":false},"_links":{"self":[{"href":"https:\/\/taskwm.com\/es\/wp-json\/wp\/v2\/pages\/29258"}],"collection":[{"href":"https:\/\/taskwm.com\/es\/wp-json\/wp\/v2\/pages"}],"about":[{"href":"https:\/\/taskwm.com\/es\/wp-json\/wp\/v2\/types\/page"}],"author":[{"embeddable":true,"href":"https:\/\/taskwm.com\/es\/wp-json\/wp\/v2\/users\/1"}],"replies":[{"embeddable":true,"href":"https:\/\/taskwm.com\/es\/wp-json\/wp\/v2\/comments?post=29258"}],"version-history":[{"count":68,"href":"https:\/\/taskwm.com\/es\/wp-json\/wp\/v2\/pages\/29258\/revisions"}],"predecessor-version":[{"id":29747,"href":"https:\/\/taskwm.com\/es\/wp-json\/wp\/v2\/pages\/29258\/revisions\/29747"}],"wp:attachment":[{"href":"https:\/\/taskwm.com\/es\/wp-json\/wp\/v2\/media?parent=29258"}],"curies":[{"name":"wp","href":"https:\/\/api.w.org\/{rel}","templated":true}]}}