{"id":29241,"date":"2020-06-30T13:03:49","date_gmt":"2020-06-30T11:03:49","guid":{"rendered":"http:\/\/taskwm.com\/?page_id=29241"},"modified":"2020-11-24T11:11:02","modified_gmt":"2020-11-24T10:11:02","slug":"historia","status":"publish","type":"page","link":"https:\/\/taskwm.com\/pt\/historia\/","title":{"rendered":"Hist\u00f3ria"},"content":{"rendered":"\t\t<div data-elementor-type=\"wp-page\" data-elementor-id=\"29241\" class=\"elementor elementor-29241\">\n\t\t\t\t\t\t<div class=\"elementor-inner\">\n\t\t\t\t<div class=\"elementor-section-wrap\">\n\t\t\t\t\t\t\t\t\t<section class=\"elementor-section elementor-top-section elementor-element elementor-element-ea7688c elementor-section-full_width elementor-section-height-default elementor-section-height-default qodef-elementor-content-no\" data-id=\"ea7688c\" data-element_type=\"section\">\n\t\t\t\t\t\t<div class=\"elementor-container elementor-column-gap-default\">\n\t\t\t\t\t\t\t<div class=\"elementor-row\">\n\t\t\t\t\t<div class=\"elementor-column elementor-col-100 elementor-top-column elementor-element elementor-element-ae00dfb\" data-id=\"ae00dfb\" data-element_type=\"column\">\n\t\t\t<div class=\"elementor-column-wrap elementor-element-populated\">\n\t\t\t\t\t\t\t<div class=\"elementor-widget-wrap\">\n\t\t\t\t\t\t<div class=\"elementor-element elementor-element-dc3598d elementor-widget elementor-widget-slider_revolution\" data-id=\"dc3598d\" data-element_type=\"widget\" data-widget_type=\"slider_revolution.default\">\n\t\t\t\t<div class=\"elementor-widget-container\">\n\t\t\t\r\n\t\t<div class=\"wp-block-themepunch-revslider\">\n\t\t\t<!-- START Historia REVOLUTION SLIDER 6.2.12 --><p class=\"rs-p-wp-fix\"><\/p>\n\t\t\t<rs-module-wrap id=\"rev_slider_11_1_wrapper\" data-source=\"gallery\" style=\"background:transparent;padding:0;margin:0px auto;margin-top:0;margin-bottom:0;\">\n\t\t\t\t<rs-module id=\"rev_slider_11_1\" style=\"\" data-version=\"6.2.12\">\n\t\t\t\t\t<rs-slides>\n\t\t\t\t\t\t<rs-slide data-key=\"rs-33\" data-title=\"Slide\" data-anim=\"ei:d;eo:d;s:1000;r:0;t:fade;sl:0;\">\n\t\t\t\t\t\t\t<img decoding=\"async\" loading=\"lazy\" src=\"\/\/taskwm.com\/wp-content\/uploads\/2020\/07\/img_couv_large-scaled.jpg\" title=\"Pont Bessires  Lausanne\" width=\"2560\" height=\"1425\" class=\"rev-slidebg\" data-no-retina>\n<!---->\t\t\t\t\t\t<\/rs-slide>\n\t\t\t\t\t<\/rs-slides>\n\t\t\t\t<\/rs-module>\n\t\t\t\t<script type=\"text\/javascript\">\n\t\t\t\t\tsetREVStartSize({c: 'rev_slider_11_1',rl:[1240,1024,778,480],el:[350,768,960,720],gw:[1300,1100,778,480],gh:[350,350,350,350],type:'standard',justify:'',layout:'fullwidth',mh:\"0\"});\n\t\t\t\t\tvar\trevapi11,\n\t\t\t\t\t\ttpj;\n\t\t\t\t\tjQuery(function() {\n\t\t\t\t\t\ttpj = jQuery;\n\t\t\t\t\t\trevapi11 = tpj(\"#rev_slider_11_1\")\n\t\t\t\t\t\tif(revapi11==undefined || revapi11.revolution == undefined){\n\t\t\t\t\t\t\trevslider_showDoubleJqueryError(\"rev_slider_11_1\");\n\t\t\t\t\t\t}else{\n\t\t\t\t\t\t\trevapi11.revolution({\n\t\t\t\t\t\t\t\tsliderLayout:\"fullwidth\",\n\t\t\t\t\t\t\t\tduration:\"2000ms\",\n\t\t\t\t\t\t\t\tvisibilityLevels:\"1240,1024,778,480\",\n\t\t\t\t\t\t\t\tgridwidth:\"1300,1100,778,480\",\n\t\t\t\t\t\t\t\tgridheight:\"350,350,350,350\",\n\t\t\t\t\t\t\t\tperspective:600,\n\t\t\t\t\t\t\t\tperspectiveType:\"local\",\n\t\t\t\t\t\t\t\teditorheight:\"350,768,960,720\",\n\t\t\t\t\t\t\t\tresponsiveLevels:\"1240,1024,778,480\",\n\t\t\t\t\t\t\t\tprogressBar:{disableProgressBar:true},\n\t\t\t\t\t\t\t\tnavigation: {\n\t\t\t\t\t\t\t\t\tonHoverStop:false\n\t\t\t\t\t\t\t\t},\n\t\t\t\t\t\t\t\tfallbacks: {\n\t\t\t\t\t\t\t\t\tallowHTML5AutoPlayOnAndroid:true\n\t\t\t\t\t\t\t\t},\n\t\t\t\t\t\t\t});\n\t\t\t\t\t\t}\n\t\t\t\t\t\t\n\t\t\t\t\t});\n\t\t\t\t<\/script>\n\t\t\t<\/rs-module-wrap>\n\t\t\t<!-- END REVOLUTION SLIDER -->\n<\/div>\r\n\r\n\t\t\t\t<\/div>\n\t\t\t\t<\/div>\n\t\t\t\t\t\t<\/div>\n\t\t\t\t\t<\/div>\n\t\t<\/div>\n\t\t\t\t\t\t\t\t<\/div>\n\t\t\t\t\t<\/div>\n\t\t<\/section>\n\t\t\t\t<section class=\"elementor-section elementor-top-section elementor-element elementor-element-a9ba8bd qodef-elementor-content-grid elementor-section-boxed elementor-section-height-default elementor-section-height-default\" data-id=\"a9ba8bd\" data-element_type=\"section\" data-settings=\"{&quot;background_background&quot;:&quot;classic&quot;}\">\n\t\t\t\t\t\t<div class=\"elementor-container elementor-column-gap-default\">\n\t\t\t\t\t\t\t<div class=\"elementor-row\">\n\t\t\t\t\t<div class=\"elementor-column elementor-col-50 elementor-top-column elementor-element elementor-element-7851992\" data-id=\"7851992\" data-element_type=\"column\">\n\t\t\t<div class=\"elementor-column-wrap elementor-element-populated\">\n\t\t\t\t\t\t\t<div class=\"elementor-widget-wrap\">\n\t\t\t\t\t\t<div class=\"elementor-element elementor-element-fe6a805 elementor-widget elementor-widget-stal_core_section_title\" data-id=\"fe6a805\" data-element_type=\"widget\" data-widget_type=\"stal_core_section_title.default\">\n\t\t\t\t<div class=\"elementor-widget-container\">\n\t\t\t<div class=\"qodef-shortcode qodef-m  qodef-section-title qodef-alignment--left  \">\n\t\t<div class=\"qodef-m-title-wrap\">\n\t\t<h3 class=\"qodef-m-title\" >\n\t\t\t\t\tA nossa hist\u00f3ria\t\t\t<\/h3>\n\t\n\t<\/div>\n\t<\/div>\t\t<\/div>\n\t\t\t\t<\/div>\n\t\t\t\t<div class=\"elementor-element elementor-element-03d7b90 elementor-widget elementor-widget-text-editor\" data-id=\"03d7b90\" data-element_type=\"widget\" data-widget_type=\"text-editor.default\">\n\t\t\t\t<div class=\"elementor-widget-container\">\n\t\t\t\t\t\t\t\t<div class=\"elementor-text-editor elementor-clearfix\">\n\t\t\t\t<p>A TASK foi criada em Junho de 2016, em Laussane, pelos seus tr\u00eas s\u00f3cios fundadores e um grupo de s\u00f3cios portugueses que s\u00e3o propriet\u00e1rios da ASK SA.<\/p>\n<p>Depois de mudar a sua sede para Genebra em 2017, a TASK teve um forte crescimento dos seus ativos sob gest\u00e3o.<\/p>\n<p>Oferecemos solu\u00e7\u00f5es sob medida aos nossos clientes particulares e institucionais, atendendo \u00e0s expectativas mais exigentes em termos de gest\u00e3o de patrim\u00f3nio.<\/p>\n<p>Os profissionais da TASK contam, na sua grande maioria, com mais de 20 anos de experi\u00eancia em Private Banking e Wealth Management.<\/p>\t\t\t\t\t<\/div>\n\t\t\t\t\t\t<\/div>\n\t\t\t\t<\/div>\n\t\t\t\t\t\t<\/div>\n\t\t\t\t\t<\/div>\n\t\t<\/div>\n\t\t\t\t<div class=\"elementor-column elementor-col-50 elementor-top-column elementor-element elementor-element-76300b1\" data-id=\"76300b1\" data-element_type=\"column\">\n\t\t\t<div class=\"elementor-column-wrap elementor-element-populated\">\n\t\t\t\t\t\t\t<div class=\"elementor-widget-wrap\">\n\t\t\t\t\t\t<div class=\"elementor-element elementor-element-0b3d9af elementor-widget elementor-widget-image\" data-id=\"0b3d9af\" data-element_type=\"widget\" data-widget_type=\"image.default\">\n\t\t\t\t<div class=\"elementor-widget-container\">\n\t\t\t\t\t\t\t\t<div class=\"elementor-image\">\n\t\t\t\t\t\t\t\t\t\t\t\t<img decoding=\"async\" width=\"2000\" height=\"1341\" src=\"https:\/\/taskwm.com\/wp-content\/uploads\/2020\/10\/Untitled-1.jpg\" class=\"attachment-2048x2048 size-2048x2048 wp-image-29699\" alt=\"\" loading=\"lazy\" srcset=\"https:\/\/taskwm.com\/wp-content\/uploads\/2020\/10\/Untitled-1.jpg 2000w, https:\/\/taskwm.com\/wp-content\/uploads\/2020\/10\/Untitled-1-300x201.jpg 300w, https:\/\/taskwm.com\/wp-content\/uploads\/2020\/10\/Untitled-1-1024x687.jpg 1024w, https:\/\/taskwm.com\/wp-content\/uploads\/2020\/10\/Untitled-1-768x515.jpg 768w, https:\/\/taskwm.com\/wp-content\/uploads\/2020\/10\/Untitled-1-1536x1030.jpg 1536w\" sizes=\"(max-width: 2000px) 100vw, 2000px\" \/>\t\t\t\t\t\t\t\t\t\t\t\t\t\t<\/div>\n\t\t\t\t\t\t<\/div>\n\t\t\t\t<\/div>\n\t\t\t\t\t\t<\/div>\n\t\t\t\t\t<\/div>\n\t\t<\/div>\n\t\t\t\t\t\t\t\t<\/div>\n\t\t\t\t\t<\/div>\n\t\t<\/section>\n\t\t\t\t\t\t\t\t\t<\/div>\n\t\t\t<\/div>\n\t\t\t\t\t<\/div>\n\t\t","protected":false},"excerpt":{"rendered":"<p>A nossa hist\u00f3ria A TASK foi criada em Junho de 2016, em Laussane, pelos seus tr\u00eas s\u00f3cios fundadores e um grupo de s\u00f3cios portugueses que s\u00e3o propriet\u00e1rios da ASK SA. Depois de mudar a sua sede para Genebra em 2017, a TASK teve um forte crescimento dos seus ativos sob gest\u00e3o. Oferecemos solu\u00e7\u00f5es sob medida [&hellip;]<\/p>\n","protected":false},"author":1,"featured_media":0,"parent":0,"menu_order":0,"comment_status":"closed","ping_status":"closed","template":"page-full-width.php","meta":{"inline_featured_image":false},"_links":{"self":[{"href":"https:\/\/taskwm.com\/pt\/wp-json\/wp\/v2\/pages\/29241"}],"collection":[{"href":"https:\/\/taskwm.com\/pt\/wp-json\/wp\/v2\/pages"}],"about":[{"href":"https:\/\/taskwm.com\/pt\/wp-json\/wp\/v2\/types\/page"}],"author":[{"embeddable":true,"href":"https:\/\/taskwm.com\/pt\/wp-json\/wp\/v2\/users\/1"}],"replies":[{"embeddable":true,"href":"https:\/\/taskwm.com\/pt\/wp-json\/wp\/v2\/comments?post=29241"}],"version-history":[{"count":18,"href":"https:\/\/taskwm.com\/pt\/wp-json\/wp\/v2\/pages\/29241\/revisions"}],"predecessor-version":[{"id":29737,"href":"https:\/\/taskwm.com\/pt\/wp-json\/wp\/v2\/pages\/29241\/revisions\/29737"}],"wp:attachment":[{"href":"https:\/\/taskwm.com\/pt\/wp-json\/wp\/v2\/media?parent=29241"}],"curies":[{"name":"wp","href":"https:\/\/api.w.org\/{rel}","templated":true}]}}