{"id":29427,"date":"2020-06-30T16:41:54","date_gmt":"2020-06-30T14:41:54","guid":{"rendered":"http:\/\/taskwm.com\/?page_id=29427"},"modified":"2020-11-24T11:23:22","modified_gmt":"2020-11-24T10:23:22","slug":"valores_visao","status":"publish","type":"page","link":"https:\/\/taskwm.com\/pt_br\/valores_visao\/","title":{"rendered":"Valores e Vis\u00e3o"},"content":{"rendered":"<div data-elementor-type=\"wp-page\" data-elementor-id=\"29427\" class=\"elementor elementor-29427\">\n\t\t\t\t\t\t<div class=\"elementor-inner\">\n\t\t\t\t<div class=\"elementor-section-wrap\">\n\t\t\t\t\t\t\t\t\t<section class=\"elementor-section elementor-top-section elementor-element elementor-element-ea7688c elementor-section-full_width elementor-section-height-default elementor-section-height-default qodef-elementor-content-no\" data-id=\"ea7688c\" data-element_type=\"section\">\n\t\t\t\t\t\t<div class=\"elementor-container elementor-column-gap-default\">\n\t\t\t\t\t\t\t<div class=\"elementor-row\">\n\t\t\t\t\t<div class=\"elementor-column elementor-col-100 elementor-top-column elementor-element elementor-element-ae00dfb\" data-id=\"ae00dfb\" data-element_type=\"column\">\n\t\t\t<div class=\"elementor-column-wrap elementor-element-populated\">\n\t\t\t\t\t\t\t<div class=\"elementor-widget-wrap\">\n\t\t\t\t\t\t<div class=\"elementor-element elementor-element-dc3598d elementor-widget elementor-widget-slider_revolution\" data-id=\"dc3598d\" data-element_type=\"widget\" data-widget_type=\"slider_revolution.default\">\n\t\t\t\t<div class=\"elementor-widget-container\">\n\t\t\t\r\n\t\t<div class=\"wp-block-themepunch-revslider\">\n\t\t\t<!-- START Valores e Visao REVOLUTION SLIDER 6.2.12 --><p class=\"rs-p-wp-fix\"><\/p>\n\t\t\t<rs-module-wrap id=\"rev_slider_13_1_wrapper\" data-source=\"gallery\" style=\"background:transparent;padding:0;margin:0px auto;margin-top:0;margin-bottom:0;\">\n\t\t\t\t<rs-module id=\"rev_slider_13_1\" style=\"\" data-version=\"6.2.12\">\n\t\t\t\t\t<rs-slides>\n\t\t\t\t\t\t<rs-slide data-key=\"rs-37\" data-title=\"Slide\" data-anim=\"ei:d;eo:d;s:1000;r:0;t:fade;sl:0;\">\n\t\t\t\t\t\t\t<img decoding=\"async\" loading=\"lazy\" src=\"\/\/taskwm.com\/wp-content\/uploads\/2020\/06\/equipa.jpg\" title=\"equipa\" width=\"1920\" height=\"550\" class=\"rev-slidebg\" data-no-retina>\n<!---->\t\t\t\t\t\t<\/rs-slide>\n\t\t\t\t\t<\/rs-slides>\n\t\t\t\t<\/rs-module>\n\t\t\t\t<script type=\"text\/javascript\">\n\t\t\t\t\tsetREVStartSize({c: 'rev_slider_13_1',rl:[1240,1024,778,480],el:[350,768,960,720],gw:[1300,1100,778,480],gh:[350,350,350,350],type:'standard',justify:'',layout:'fullwidth',mh:\"0\"});\n\t\t\t\t\tvar\trevapi13,\n\t\t\t\t\t\ttpj;\n\t\t\t\t\tjQuery(function() {\n\t\t\t\t\t\ttpj = jQuery;\n\t\t\t\t\t\trevapi13 = tpj(\"#rev_slider_13_1\")\n\t\t\t\t\t\tif(revapi13==undefined || revapi13.revolution == undefined){\n\t\t\t\t\t\t\trevslider_showDoubleJqueryError(\"rev_slider_13_1\");\n\t\t\t\t\t\t}else{\n\t\t\t\t\t\t\trevapi13.revolution({\n\t\t\t\t\t\t\t\tsliderLayout:\"fullwidth\",\n\t\t\t\t\t\t\t\tduration:\"2000ms\",\n\t\t\t\t\t\t\t\tvisibilityLevels:\"1240,1024,778,480\",\n\t\t\t\t\t\t\t\tgridwidth:\"1300,1100,778,480\",\n\t\t\t\t\t\t\t\tgridheight:\"350,350,350,350\",\n\t\t\t\t\t\t\t\tperspective:600,\n\t\t\t\t\t\t\t\tperspectiveType:\"local\",\n\t\t\t\t\t\t\t\teditorheight:\"350,768,960,720\",\n\t\t\t\t\t\t\t\tresponsiveLevels:\"1240,1024,778,480\",\n\t\t\t\t\t\t\t\tprogressBar:{disableProgressBar:true},\n\t\t\t\t\t\t\t\tnavigation: {\n\t\t\t\t\t\t\t\t\tonHoverStop:false\n\t\t\t\t\t\t\t\t},\n\t\t\t\t\t\t\t\tfallbacks: {\n\t\t\t\t\t\t\t\t\tallowHTML5AutoPlayOnAndroid:true\n\t\t\t\t\t\t\t\t},\n\t\t\t\t\t\t\t});\n\t\t\t\t\t\t}\n\t\t\t\t\t\t\n\t\t\t\t\t});\n\t\t\t\t<\/script>\n\t\t\t<\/rs-module-wrap>\n\t\t\t<!-- END REVOLUTION SLIDER -->\n<\/div>\r\n\r\n\t\t\t\t<\/div>\n\t\t\t\t<\/div>\n\t\t\t\t\t\t<\/div>\n\t\t\t\t\t<\/div>\n\t\t<\/div>\n\t\t\t\t\t\t\t\t<\/div>\n\t\t\t\t\t<\/div>\n\t\t<\/section>\n\t\t\t\t<section class=\"elementor-section elementor-top-section elementor-element elementor-element-a9ba8bd qodef-elementor-content-grid elementor-section-boxed elementor-section-height-default elementor-section-height-default\" data-id=\"a9ba8bd\" data-element_type=\"section\" data-settings=\"{&quot;background_background&quot;:&quot;classic&quot;}\">\n\t\t\t\t\t\t<div class=\"elementor-container elementor-column-gap-default\">\n\t\t\t\t\t\t\t<div class=\"elementor-row\">\n\t\t\t\t\t<div class=\"elementor-column elementor-col-100 elementor-top-column elementor-element elementor-element-7851992\" data-id=\"7851992\" data-element_type=\"column\">\n\t\t\t<div class=\"elementor-column-wrap elementor-element-populated\">\n\t\t\t\t\t\t\t<div class=\"elementor-widget-wrap\">\n\t\t\t\t\t\t<div class=\"elementor-element elementor-element-fe6a805 elementor-widget elementor-widget-stal_core_section_title\" data-id=\"fe6a805\" data-element_type=\"widget\" data-widget_type=\"stal_core_section_title.default\">\n\t\t\t\t<div class=\"elementor-widget-container\">\n\t\t\t<div class=\"qodef-shortcode qodef-m  qodef-section-title qodef-alignment--left\">\n\t\t<div class=\"qodef-m-title-wrap\">\n\t\t<h3 class=\"qodef-m-title\" >\n\t\t\t\t\tNossos Valores\t\t\t<\/h3>\n\t\n\t<\/div>\n\t<\/div>\t\t<\/div>\n\t\t\t\t<\/div>\n\t\t\t\t\t\t<\/div>\n\t\t\t\t\t<\/div>\n\t\t<\/div>\n\t\t\t\t\t\t\t\t<\/div>\n\t\t\t\t\t<\/div>\n\t\t<\/section>\n\t\t\t\t<section class=\"elementor-section elementor-top-section elementor-element elementor-element-3510d8d qodef-elementor-content-grid elementor-section-boxed elementor-section-height-default elementor-section-height-default\" data-id=\"3510d8d\" data-element_type=\"section\">\n\t\t\t\t\t\t<div class=\"elementor-container elementor-column-gap-default\">\n\t\t\t\t\t\t\t<div class=\"elementor-row\">\n\t\t\t\t\t<div class=\"elementor-column elementor-col-100 elementor-top-column elementor-element elementor-element-74364f8\" data-id=\"74364f8\" data-element_type=\"column\">\n\t\t\t<div class=\"elementor-column-wrap elementor-element-populated\">\n\t\t\t\t\t\t\t<div class=\"elementor-widget-wrap\">\n\t\t\t\t\t\t<div class=\"elementor-element elementor-element-2465fec elementor-widget elementor-widget-stal_core_holder_with_image\" data-id=\"2465fec\" data-element_type=\"widget\" data-widget_type=\"stal_core_holder_with_image.default\">\n\t\t\t\t<div class=\"elementor-widget-container\">\n\t\t\t<div class=\"qodef-shortcode qodef-m  qodef-holder-with-image qodef-layout--image-right qodef-disable-below--768 qodef-appear-animation-enabled--from-left\" style=\"padding: 57px 0 57px\">\n\t<div class=\"qodef-m-inner\">\n\t\t<div class=\"qodef-m-content\" style=\"padding: 70px 3% 70px 3%;width: 70%;margin-right: 30%\">\n\t\t\t<div data-elementor-type=\"section\" data-elementor-id=\"178\" class=\"elementor elementor-178\">\n\t\t\t\t\t\t<div class=\"elementor-inner\">\n\t\t\t\t<div class=\"elementor-section-wrap\">\n\t\t\t\t\t\t\t\t\t<section class=\"elementor-section elementor-top-section elementor-element elementor-element-fe52723 elementor-section-boxed elementor-section-height-default elementor-section-height-default qodef-elementor-content-no\" data-id=\"fe52723\" data-element_type=\"section\">\n\t\t\t\t\t\t<div class=\"elementor-container elementor-column-gap-default\">\n\t\t\t\t\t\t\t<div class=\"elementor-row\">\n\t\t\t\t\t<div class=\"elementor-column elementor-col-100 elementor-top-column elementor-element elementor-element-4dc9de8\" data-id=\"4dc9de8\" data-element_type=\"column\">\n\t\t\t<div class=\"elementor-column-wrap elementor-element-populated\">\n\t\t\t\t\t\t\t<div class=\"elementor-widget-wrap\">\n\t\t\t\t\t\t<div class=\"elementor-element elementor-element-6db24fe elementor-widget elementor-widget-stal_core_testimonials_list\" data-id=\"6db24fe\" data-element_type=\"widget\" data-widget_type=\"stal_core_testimonials_list.default\">\n\t\t\t\t<div class=\"elementor-widget-container\">\n\t\t\t<div class=\"qodef-shortcode qodef-m  qodef-testimonials-list  qodef-grid    qodef-item-layout--info-below qodef-responsive--predefined\">\n\t<div class=\"qodef-testimonials-holder\">\n\t\t        <div class=\"qodef-e-media-image qodef-testimonial-image\" data-slide-index=\"1\">\n        <img width=\"164\" height=\"164\" src=\"https:\/\/taskwm.com\/wp-content\/uploads\/2020\/06\/inov-300x300.png\" class=\"attachment-164x164 size-164x164 wp-post-image\" alt=\"\" decoding=\"async\" loading=\"lazy\" srcset=\"https:\/\/taskwm.com\/wp-content\/uploads\/2020\/06\/inov-300x300.png 300w, https:\/\/taskwm.com\/wp-content\/uploads\/2020\/06\/inov-150x150.png 150w, https:\/\/taskwm.com\/wp-content\/uploads\/2020\/06\/inov-650x650.png 650w, https:\/\/taskwm.com\/wp-content\/uploads\/2020\/06\/inov-82x82.png 82w, https:\/\/taskwm.com\/wp-content\/uploads\/2020\/06\/inov.png 700w\" sizes=\"(max-width: 164px) 100vw, 164px\" \/>    <\/div>\n            <div class=\"qodef-e-media-image qodef-testimonial-image\" data-slide-index=\"2\">\n        <img width=\"164\" height=\"164\" src=\"https:\/\/taskwm.com\/wp-content\/uploads\/2020\/06\/disc-300x300.png\" class=\"attachment-164x164 size-164x164 wp-post-image\" alt=\"\" decoding=\"async\" loading=\"lazy\" srcset=\"https:\/\/taskwm.com\/wp-content\/uploads\/2020\/06\/disc-300x300.png 300w, https:\/\/taskwm.com\/wp-content\/uploads\/2020\/06\/disc-150x150.png 150w, https:\/\/taskwm.com\/wp-content\/uploads\/2020\/06\/disc-650x650.png 650w, https:\/\/taskwm.com\/wp-content\/uploads\/2020\/06\/disc-82x82.png 82w, https:\/\/taskwm.com\/wp-content\/uploads\/2020\/06\/disc.png 700w\" sizes=\"(max-width: 164px) 100vw, 164px\" \/>    <\/div>\n            <div class=\"qodef-e-media-image qodef-testimonial-image\" data-slide-index=\"3\">\n        <img width=\"164\" height=\"164\" src=\"https:\/\/taskwm.com\/wp-content\/uploads\/2020\/06\/ind-300x300.png\" class=\"attachment-164x164 size-164x164 wp-post-image\" alt=\"\" decoding=\"async\" loading=\"lazy\" srcset=\"https:\/\/taskwm.com\/wp-content\/uploads\/2020\/06\/ind-300x300.png 300w, https:\/\/taskwm.com\/wp-content\/uploads\/2020\/06\/ind-150x150.png 150w, https:\/\/taskwm.com\/wp-content\/uploads\/2020\/06\/ind-650x650.png 650w, https:\/\/taskwm.com\/wp-content\/uploads\/2020\/06\/ind-82x82.png 82w, https:\/\/taskwm.com\/wp-content\/uploads\/2020\/06\/ind.png 700w\" sizes=\"(max-width: 164px) 100vw, 164px\" \/>    <\/div>\n            <div class=\"qodef-e-media-image qodef-testimonial-image\" data-slide-index=\"4\">\n        <img width=\"164\" height=\"164\" src=\"https:\/\/taskwm.com\/wp-content\/uploads\/2020\/06\/resp-300x300.png\" class=\"attachment-164x164 size-164x164 wp-post-image\" alt=\"\" decoding=\"async\" loading=\"lazy\" srcset=\"https:\/\/taskwm.com\/wp-content\/uploads\/2020\/06\/resp-300x300.png 300w, https:\/\/taskwm.com\/wp-content\/uploads\/2020\/06\/resp-150x150.png 150w, https:\/\/taskwm.com\/wp-content\/uploads\/2020\/06\/resp-650x650.png 650w, https:\/\/taskwm.com\/wp-content\/uploads\/2020\/06\/resp-82x82.png 82w, https:\/\/taskwm.com\/wp-content\/uploads\/2020\/06\/resp.png 700w\" sizes=\"(max-width: 164px) 100vw, 164px\" \/>    <\/div>\n            <div class=\"qodef-e-content qodef-m-testimonials-swiper\" data-options=\"{&quot;slidesPerView&quot;:1,&quot;spaceBetween&quot;:0,&quot;loop&quot;:true,&quot;autoplay&quot;:true,&quot;speed&quot;:&quot;&quot;,&quot;speedAnimation&quot;:&quot;&quot;,&quot;unique&quot;:1769,&quot;outsideNavigation&quot;:&quot;yes&quot;}\">\n        <div class=\"swiper-wrapper\">\n            <div class=\"qodef-e swiper-slide\" data-slide-index=\"1\">\n\t<div class=\"qodef-e-inner\">\n        \t<h4 itemprop=\"name\" class=\"qodef-e-title entry-title\" >\n\t\tInova\u00e7\u00e3o\t<\/h4>\n        \t<p itemprop=\"description\" class=\"qodef-e-text\">\n\t\tOtimizamos constantemente nossa oferta, gra\u00e7as \u00e0s tecnologias avan\u00e7adas que possu\u00edmos.\t<\/p>\n        \t<\/div>\n<\/div><div class=\"qodef-e swiper-slide\" data-slide-index=\"2\">\n\t<div class=\"qodef-e-inner\">\n        \t<h4 itemprop=\"name\" class=\"qodef-e-title entry-title\" >\n\t\tDisciplina\t<\/h4>\n        \t<p itemprop=\"description\" class=\"qodef-e-text\">\n\t\tMantemos sempre a disciplina na nossa an\u00e1lise e na nossa estrat\u00e9gia de investimento em todas as situa\u00e7\u00f5es de mercado.\t<\/p>\n        \t<\/div>\n<\/div><div class=\"qodef-e swiper-slide\" data-slide-index=\"3\">\n\t<div class=\"qodef-e-inner\">\n        \t<h4 itemprop=\"name\" class=\"qodef-e-title entry-title\" >\n\t\tIndepend\u00eancia e Integridade\t<\/h4>\n        \t<p itemprop=\"description\" class=\"qodef-e-text\">\n\t\tColocamos sempre os seus interesses em primeiro lugar.\t<\/p>\n        \t<\/div>\n<\/div><div class=\"qodef-e swiper-slide\" data-slide-index=\"4\">\n\t<div class=\"qodef-e-inner\">\n        \t<h4 itemprop=\"name\" class=\"qodef-e-title entry-title\" >\n\t\tResponsabilidade\t<\/h4>\n        \t<p itemprop=\"description\" class=\"qodef-e-text\">\n\t\tAs suas aspira\u00e7\u00f5es orientam as nossas decis\u00f5es de investimento dentro do seu perfil de risco.\t<\/p>\n        \t<\/div>\n<\/div>        <\/div>\n    <\/div>\n\t<\/div>\n\t\t\t\t<div class=\"swiper-button-next swiper-button-next-1769\"><\/div>\n\t\t<div class=\"swiper-button-prev swiper-button-prev-1769\"><\/div>\n\t\t<span class=\"qodef-e-quotes ion-md-quote\"><\/span>\n<\/div>\t\t<\/div>\n\t\t\t\t<\/div>\n\t\t\t\t\t\t<\/div>\n\t\t\t\t\t<\/div>\n\t\t<\/div>\n\t\t\t\t\t\t\t\t<\/div>\n\t\t\t\t\t<\/div>\n\t\t<\/section>\n\t\t\t\t\t\t\t\t\t<\/div>\n\t\t\t<\/div>\n\t\t\t\t\t<\/div>\n\t\t<\/div>\n\t\t<img decoding=\"async\" class=\"qodef-m-image\" src=\"https:\/\/taskwm.com\/wp-content\/uploads\/2020\/07\/lukas-blazek-mcSDtbWXUZU-unsplash-scaled.jpg\" alt=\"\"  \/>\t<\/div>\n<\/div>\t\t<\/div>\n\t\t\t\t<\/div>\n\t\t\t\t\t\t<\/div>\n\t\t\t\t\t<\/div>\n\t\t<\/div>\n\t\t\t\t\t\t\t\t<\/div>\n\t\t\t\t\t<\/div>\n\t\t<\/section>\n\t\t\t\t<section class=\"elementor-section elementor-top-section elementor-element elementor-element-bdd0eeb elementor-section-full_width elementor-section-content-middle elementor-section-height-default elementor-section-height-default qodef-elementor-content-no\" data-id=\"bdd0eeb\" data-element_type=\"section\" data-settings=\"{&quot;background_background&quot;:&quot;classic&quot;}\">\n\t\t\t\t\t\t\t<div class=\"elementor-background-overlay\"><\/div>\n\t\t\t\t\t\t\t<div class=\"elementor-container elementor-column-gap-default\">\n\t\t\t\t\t\t\t<div class=\"elementor-row\">\n\t\t\t\t\t<div class=\"elementor-column elementor-col-100 elementor-top-column elementor-element elementor-element-f31e115\" data-id=\"f31e115\" data-element_type=\"column\">\n\t\t\t<div class=\"elementor-column-wrap elementor-element-populated\">\n\t\t\t\t\t\t\t<div class=\"elementor-widget-wrap\">\n\t\t\t\t\t\t<div class=\"elementor-element elementor-element-d14da52 elementor-widget elementor-widget-stal_core_section_title\" data-id=\"d14da52\" data-element_type=\"widget\" data-widget_type=\"stal_core_section_title.default\">\n\t\t\t\t<div class=\"elementor-widget-container\">\n\t\t\t<div class=\"qodef-shortcode qodef-m  qodef-section-title qodef-alignment--center\">\n\t\t<div class=\"qodef-m-title-wrap\">\n\t\t<h3 class=\"qodef-m-title\" style=\"color: #FFFFFF\">\n\t\t\t\t\tNossa vis\u00e3o\t\t\t<\/h3>\n\t\n\t<\/div>\n\t<\/div>\t\t<\/div>\n\t\t\t\t<\/div>\n\t\t\t\t<div class=\"elementor-element elementor-element-bb8edf2 elementor-widget elementor-widget-text-editor\" data-id=\"bb8edf2\" data-element_type=\"widget\" data-widget_type=\"text-editor.default\">\n\t\t\t\t<div class=\"elementor-widget-container\">\n\t\t\t\t\t\t\t\t<div class=\"elementor-text-editor elementor-clearfix\">\n\t\t\t\t<p>Um servi\u00e7o de consultoria financeira para clientes e empresas privadas que combina <br \/>objetivos comuns \u00e0 longo prazo e favorece a prote\u00e7\u00e3o do capital.<\/p>\t\t\t\t\t<\/div>\n\t\t\t\t\t\t<\/div>\n\t\t\t\t<\/div>\n\t\t\t\t\t\t<\/div>\n\t\t\t\t\t<\/div>\n\t\t<\/div>\n\t\t\t\t\t\t\t\t<\/div>\n\t\t\t\t\t<\/div>\n\t\t<\/section>\n\t\t\t\t\t\t\t\t\t<\/div>\n\t\t\t<\/div>\n\t\t\t\t\t<\/div>","protected":false},"excerpt":{"rendered":"<p>Os nossos valores Inova\u00e7\u00e3o Otimizamos constantemente nossa oferta, gra\u00e7as \u00e0s tecnologias avan\u00e7adas \u00e0 nossa disposi\u00e7\u00e3o Disciplina Mantemos sempre a disciplina na nossa an\u00e1lise e na nossa estrat\u00e9gia de investimento em todas as situa\u00e7\u00f5es de mercado Independ\u00eancia e Integridade Colocamos sempre os seus interesses \u00e0 frente dos nossos Responsabilidade As suas aspira\u00e7\u00f5es orientam as nossas decis\u00f5es [&hellip;]<\/p>","protected":false},"author":1,"featured_media":0,"parent":0,"menu_order":0,"comment_status":"closed","ping_status":"closed","template":"page-full-width.php","meta":{"inline_featured_image":false},"_links":{"self":[{"href":"https:\/\/taskwm.com\/pt_br\/wp-json\/wp\/v2\/pages\/29427"}],"collection":[{"href":"https:\/\/taskwm.com\/pt_br\/wp-json\/wp\/v2\/pages"}],"about":[{"href":"https:\/\/taskwm.com\/pt_br\/wp-json\/wp\/v2\/types\/page"}],"author":[{"embeddable":true,"href":"https:\/\/taskwm.com\/pt_br\/wp-json\/wp\/v2\/users\/1"}],"replies":[{"embeddable":true,"href":"https:\/\/taskwm.com\/pt_br\/wp-json\/wp\/v2\/comments?post=29427"}],"version-history":[{"count":37,"href":"https:\/\/taskwm.com\/pt_br\/wp-json\/wp\/v2\/pages\/29427\/revisions"}],"predecessor-version":[{"id":29748,"href":"https:\/\/taskwm.com\/pt_br\/wp-json\/wp\/v2\/pages\/29427\/revisions\/29748"}],"wp:attachment":[{"href":"https:\/\/taskwm.com\/pt_br\/wp-json\/wp\/v2\/media?parent=29427"}],"curies":[{"name":"wp","href":"https:\/\/api.w.org\/{rel}","templated":true}]}}